{"id":29,"date":"2021-04-25T13:11:40","date_gmt":"2021-04-25T11:11:40","guid":{"rendered":"http:\/\/www.waterpoloability.it\/wpa2021\/?page_id=29"},"modified":"2023-04-10T15:04:30","modified_gmt":"2023-04-10T13:04:30","slug":"il-consiglio-direttivo","status":"publish","type":"page","link":"https:\/\/www.waterpoloability.it\/wpa2021\/?page_id=29","title":{"rendered":"Il consiglio direttivo"},"content":{"rendered":"\n<div style=\"height:30px\" aria-hidden=\"true\" class=\"wp-block-spacer\"><\/div>\n\n\n\n<div class=\"wp-block-columns\">\n<div class=\"wp-block-column\">\n<figure class=\"wp-block-image size-large is-resized has-animator\" data-anim-from=\"horizontal\" data-anim-duration=\"2\" data-anim-rewind=\"true\" data-anim-distance=\"-100\" data-anim-scale-x=\"1\" data-anim-scale-y=\"1\" data-anim-easing=\"easeInOut\" data-anim-effect=\"Cubic\"><img loading=\"lazy\" src=\"http:\/\/www.waterpoloability.it\/wpa2021\/wp-content\/uploads\/2022\/08\/Greta-724x1024.jpg\" alt=\"\" class=\"wp-image-547\" width=\"220\" height=\"315\"\/><\/figure>\n\n\n\n<p class=\"has-text-align-center has-animator\" data-anim-from=\"vertical\" data-anim-duration=\"1.5\" data-anim-rewind=\"true\" data-anim-distance=\"100\" data-anim-scale-x=\"1\" data-anim-scale-y=\"1\" data-anim-easing=\"easeInOut\" data-anim-effect=\"Cubic\"><strong>Greta Ielmini<\/strong><br><br>Ho visto nascere e ne sono stata l\u2019artefice del progetto Waterpolo Ability dal 2014,<br><span><a onclick=\"read_toggle(84983335, 'Leggi tutto', 'Leggi meno'); return false;\" class=\"read-link\" id=\"readlink84983335\" style=\"readlink\" href=\"#\">Leggi tutto<\/a><\/span>\n<div class=\"read_div\" id=\"read84983335\" style=\"display: none;\"> prima come atleta con disabilit\u00e0, poi come collaboratrice esterna nell\u2019organizzazione degli eventi, ed infine come tecnica e Vive Presidente della asd.Ho deciso di mettermi a disposizione del progetto perch\u00e8 sin da piccola ho avuto la possibilit\u00e0 di approcciarmi a questa realt\u00e0 che mi ha dato tanto in termini umani, desidero supportare ulteriormente il lavoro dell\u2019associazione per ampliare la promozione della disciplina in Italia e all\u2019estero come gi\u00e0 sto facendo.<br><\/div><\/p>\n<\/div>\n\n\n\n<div class=\"wp-block-column\">\n<figure class=\"wp-block-image size-large is-resized has-animator\" data-anim-from=\"vertical\" data-anim-duration=\"2\" data-anim-rewind=\"true\" data-anim-distance=\"50\" data-anim-scale-x=\"1\" data-anim-scale-y=\"1\" data-anim-easing=\"easeInOut\" data-anim-effect=\"Cubic\"><img loading=\"lazy\" src=\"http:\/\/www.waterpoloability.it\/wpa2021\/wp-content\/uploads\/2022\/08\/Ettore-x-cd-724x1024.jpg\" alt=\"\" class=\"wp-image-541\" width=\"220\" height=\"315\"\/><\/figure>\n\n\n\n<p class=\"has-text-align-center has-animator\" data-anim-from=\"vertical\" data-anim-duration=\"1.5\" data-anim-rewind=\"true\" data-anim-distance=\"150\" data-anim-scale-x=\"1\" data-anim-scale-y=\"1\" data-anim-easing=\"easeInOut\" data-anim-effect=\"Cubic\"><strong>Ettore Diamanti<\/strong><br><br>Con grande orgoglio posso dire di essere all\u2019interno del progetto sin dal suo esordio<br><span><a onclick=\"read_toggle(706788966, 'Leggi tutto', 'Leggi meno'); return false;\" class=\"read-link\" id=\"readlink706788966\" style=\"readlink\" href=\"#\">Leggi tutto<\/a><\/span>\n<div class=\"read_div\" id=\"read706788966\" style=\"display: none;\">nel 2014,sono socio fondatore.Ho partecipato attivamente alla stesura del primo regolamento che la WPA ha consegnato a Roberto Melissano primo storico Referente Finp e mio collega che ha promosso l\u2019intero movimento insieme alla Presidente Simona.Oggi cerco di impegnarmi come Direttore Tecnico,ritengo che il progetto Waterpolo Abilitysia nel panorama italiano sportivo uno dei pi\u00f9 interessanti, poich\u00e9 da subito ha fatto dell\u2019inclusione e l\u2019integrazione un punto forza.<br><\/div><\/p>\n<\/div>\n\n\n\n<div class=\"wp-block-column\">\n<figure class=\"wp-block-image size-large is-resized has-animator\" data-anim-from=\"horizontal\" data-anim-duration=\"2\" data-anim-rewind=\"true\" data-anim-distance=\"100\" data-anim-scale-x=\"1\" data-anim-scale-y=\"1\" data-anim-easing=\"easeInOut\" data-anim-effect=\"Cubic\"><img loading=\"lazy\" src=\"http:\/\/www.waterpoloability.it\/wpa2021\/wp-content\/uploads\/2022\/08\/Tommy-724x1024.jpg\" alt=\"\" class=\"wp-image-546\" width=\"220\" height=\"315\"\/><\/figure>\n\n\n\n<p class=\"has-text-align-center has-animator\" data-anim-from=\"vertical\" data-anim-duration=\"1.5\" data-anim-rewind=\"true\" data-anim-distance=\"200\" data-anim-scale-x=\"1\" data-anim-scale-y=\"1\" data-anim-easing=\"easeInOut\" data-anim-effect=\"Cubic\"><strong>Tommaso Ielmini<\/strong><br><br>Ho 22 anni, sono in Waterpolo Ability dal 2014,all\u2019epoca ero affetto da<br><span><a onclick=\"read_toggle(1927924383, 'Leggi tutto', 'Leggi meno'); return false;\" class=\"read-link\" id=\"readlink1927924383\" style=\"readlink\" href=\"#\">Leggi tutto<\/a><\/span>\n<div class=\"read_div\" id=\"read1927924383\" style=\"display: none;\"> una malformazione rara e congenita al cervelletto da cui sono successivamente guarito.WPA per me \u00e8 una seconda famiglia,sono da sempre un atleta che si ispira all\u2019inclusione e all\u2019integrazione.Oggi mi sono messo a disposizione anche nello staff del CD della ASD perch\u00e9 credo che la mia esperienza.<br><\/div><br><\/p>\n<\/div>\n<\/div>\n\n\n\n<div class=\"wp-block-columns\">\n<div class=\"wp-block-column\">\n<p class=\"has-text-align-center has-animator\" data-anim-from=\"vertical\" data-anim-duration=\"1.5\" data-anim-rewind=\"true\" data-anim-distance=\"100\" data-anim-scale-x=\"1\" data-anim-scale-y=\"1\" data-anim-easing=\"easeInOut\" data-anim-effect=\"Cubic\"><br><br><\/p>\n<\/div>\n\n\n\n<div class=\"wp-block-column\">\n<figure class=\"wp-block-image size-large is-resized has-animator\" data-anim-from=\"vertical\" data-anim-duration=\"2\" data-anim-rewind=\"true\" data-anim-distance=\"50\" data-anim-scale-x=\"1\" data-anim-scale-y=\"1\" data-anim-easing=\"easeInOut\" data-anim-effect=\"Cubic\"><img loading=\"lazy\" src=\"http:\/\/www.waterpoloability.it\/wpa2021\/wp-content\/uploads\/2022\/08\/Simona-per-CD-724x1024.jpg\" alt=\"\" class=\"wp-image-540\" width=\"220\" height=\"315\"\/><\/figure>\n\n\n\n<p class=\"has-text-align-center has-animator\" data-anim-from=\"vertical\" data-anim-duration=\"1.5\" data-anim-rewind=\"true\" data-anim-distance=\"150\" data-anim-scale-x=\"1\" data-anim-scale-y=\"1\" data-anim-easing=\"easeInOut\" data-anim-effect=\"Cubic\"><strong>Simona Pantalone<\/strong><br><br>Sono Presidente della WPA dal 2017, ma il progetto l\u2019ho visto nascere e crescere dal 2014.<br><span><a onclick=\"read_toggle(2119894247, 'Leggi tutto', 'Leggi meno'); return false;\" class=\"read-link\" id=\"readlink2119894247\" style=\"readlink\" href=\"#\">Leggi tutto<\/a><\/span>\n<div class=\"read_div\" id=\"read2119894247\" style=\"display: none;\">Sono orgogliosa di essere la promotrice di questa disciplina.Ho deciso di fornire il mio supporto al progetto, perch\u00e9 da parecchi anni lavoro nel mondo delle patologie rare in cui spesso i ragazzi non praticano sport con i coetanei.Il progetto WPAriprendere lo straordinario lavoro degli atleti disabili degli anni 80 pionieri della pallanuoto paralimpica.Oggi siamo per\u00f2 anche pionieri al di fuori dei confini nazionali, e di questo siamo molto fieri.Il nostro sogno sono le paralimpiadi di Los Angeles 2028.<br><\/div><\/p>\n<\/div>\n\n\n\n<div class=\"wp-block-column\">\n<p class=\"has-text-align-center has-animator\" data-anim-from=\"vertical\" data-anim-duration=\"1.5\" data-anim-rewind=\"true\" data-anim-distance=\"200\" data-anim-scale-x=\"1\" data-anim-scale-y=\"1\" data-anim-easing=\"easeInOut\" data-anim-effect=\"Cubic\"><br><br><br><\/p>\n<\/div>\n<\/div>\n\n\n\n<div class=\"wp-block-columns\">\n<div class=\"wp-block-column\">\n<figure class=\"wp-block-image size-large is-resized has-animator\" data-anim-from=\"horizontal\" data-anim-duration=\"2\" data-anim-rewind=\"true\" data-anim-distance=\"-100\" data-anim-scale-x=\"1\" data-anim-scale-y=\"1\" data-anim-easing=\"easeInOut\" data-anim-effect=\"Cubic\"><img loading=\"lazy\" src=\"http:\/\/www.waterpoloability.it\/wpa2021\/wp-content\/uploads\/2022\/08\/Riccardo-724x1024.jpg\" alt=\"\" class=\"wp-image-545\" width=\"220\" height=\"315\"\/><\/figure>\n\n\n\n<p class=\"has-text-align-center has-animator\" data-anim-from=\"vertical\" data-anim-duration=\"1.5\" data-anim-rewind=\"true\" data-anim-distance=\"100\" data-anim-scale-x=\"1\" data-anim-scale-y=\"1\" data-anim-easing=\"easeInOut\" data-anim-effect=\"Cubic\"><strong>Riccardo Rosati<\/strong><br><br>Ho avuto il piacere di conoscere questo pionieristico progetto nel 2021,<br><span><a onclick=\"read_toggle(1455093657, 'Leggi tutto', 'Leggi meno'); return false;\" class=\"read-link\" id=\"readlink1455093657\" style=\"readlink\" href=\"#\">Leggi tutto<\/a><\/span>\n<div class=\"read_div\" id=\"read1455093657\" style=\"display: none;\"> come atleta di integrazione normodotato.MI occupo principalmente del reclutamento di nuovi sponsor e sono il responsabile delle relazioni esterne della Waterpolo Ability.Risiedo a Roma e per questo ho attivato da poco una sede operativa nel Lazio che ci aiuter\u00e0 ad essere pi\u00f9 incisivi nel reclutamento di nuovi atleti, la sede romana, servir\u00e0 anche per mantenere pi\u00f9 attivi i rapporti con la Federazione Italiana Nuoto Paralimpico con cui abbiamo intenzione di interagire sempre pi\u00f9 proficuamente per promuovere e aumentare il movimento in Italia e all\u2019estero.<br><\/div><\/p>\n<\/div>\n\n\n\n<div class=\"wp-block-column\">\n<figure class=\"wp-block-image size-large is-resized has-animator\" data-anim-from=\"vertical\" data-anim-duration=\"2\" data-anim-rewind=\"true\" data-anim-distance=\"50\" data-anim-scale-x=\"1\" data-anim-scale-y=\"1\" data-anim-easing=\"easeInOut\" data-anim-effect=\"Cubic\"><img loading=\"lazy\" src=\"http:\/\/www.waterpoloability.it\/wpa2021\/wp-content\/uploads\/2023\/04\/angela-1-715x1024.jpg\" alt=\"\" class=\"wp-image-743\" width=\"220\" height=\"315\" srcset=\"https:\/\/www.waterpoloability.it\/wpa2021\/wp-content\/uploads\/2023\/04\/angela-1-715x1024.jpg 715w, https:\/\/www.waterpoloability.it\/wpa2021\/wp-content\/uploads\/2023\/04\/angela-1-210x300.jpg 210w, https:\/\/www.waterpoloability.it\/wpa2021\/wp-content\/uploads\/2023\/04\/angela-1-768x1100.jpg 768w, https:\/\/www.waterpoloability.it\/wpa2021\/wp-content\/uploads\/2023\/04\/angela-1.jpg 917w\" sizes=\"(max-width: 220px) 100vw, 220px\" \/><\/figure>\n\n\n\n<p class=\"has-text-align-center has-animator\" data-anim-from=\"vertical\" data-anim-duration=\"1.5\" data-anim-rewind=\"true\" data-anim-distance=\"125\" data-anim-scale-x=\"1\" data-anim-scale-y=\"1\" data-anim-easing=\"easeInOut\" data-anim-effect=\"Cubic\"><strong>Angela Pesce<\/strong><br><br>Sono Angela, sono la mamma di un ragazzo con disabilit\u00e0 fisica che dal 2016<br><span><a onclick=\"read_toggle(1464396006, 'Leggi tutto', 'Leggi meno'); return false;\" class=\"read-link\" id=\"readlink1464396006\" style=\"readlink\" href=\"#\">Leggi tutto<\/a><\/span>\n<div class=\"read_div\" id=\"read1464396006\" style=\"display: none;\">pratica la pallanuoto adaptive, abbiamo vissuto l&#8217;evoluzione del progetto Waterpolo Ability sin dall&#8217;inizio,e dal 2022 ho deciso di fornire un contributo in prima persona, sono la referente regionale del Veneto e disponibile ad accogliere nuovi atleti che abbiamo il desiderio di approcciarsi con la pallanuoto adaptive e\/o paralimpica.<br><\/div><\/p>\n<\/div>\n\n\n\n<div class=\"wp-block-column\">\n<figure class=\"wp-block-image size-large is-resized has-animator\" data-anim-from=\"horizontal\" data-anim-duration=\"2\" data-anim-rewind=\"true\" data-anim-distance=\"100\" data-anim-scale-x=\"1\" data-anim-scale-y=\"1\" data-anim-easing=\"easeInOut\" data-anim-effect=\"Cubic\"><img loading=\"lazy\" src=\"http:\/\/www.waterpoloability.it\/wpa2021\/wp-content\/uploads\/2022\/08\/Frisenda-724x1024.jpg\" alt=\"\" class=\"wp-image-573\" width=\"220\" height=\"315\"\/><\/figure>\n\n\n\n<p class=\"has-text-align-center has-animator\" data-anim-from=\"vertical\" data-anim-duration=\"1.5\" data-anim-rewind=\"true\" data-anim-distance=\"150\" data-anim-scale-x=\"1\" data-anim-scale-y=\"1\" data-anim-easing=\"easeInOut\" data-anim-effect=\"Cubic\"><strong>Giacomo Frisenda<\/strong><br><br>Conosco il progetto WPA da parecchi anni, ne ho favorito lo sviluppo e la promozione<br><span><a onclick=\"read_toggle(1974524499, 'Leggi tutto', 'Leggi meno'); return false;\" class=\"read-link\" id=\"readlink1974524499\" style=\"readlink\" href=\"#\">Leggi tutto<\/a><\/span>\n<div class=\"read_div\" id=\"read1974524499\" style=\"display: none;\"> soprattuto sul territorio locale.Da poco sono entrato nel Consiglio Direttivo dell\u2019associazione sportiva, per supportare i ragazzi e lo staff negli eventi futuri che potranno essere studiati ed organizzati con il supporto logistico della Forus Italia e della Piscina Manara di cui sono da anni Direttore.Cercher\u00f2 di favorire anche le nuove discipline che la Waterpolo Ability inizier\u00e0 a proporre dalla prossima stagione, come per esempio la subacquea per persone disabili e altri sports d\u2019acqua che lo staff decider\u00e0 di attivare per incrementare le attivit\u00e0 didattiche e ricreative in futuro.<br><\/div><br><\/p>\n<\/div>\n<\/div>\n","protected":false},"excerpt":{"rendered":"<p>Greta Ielmini Ho visto nascere e ne sono stata l\u2019artefice del progetto Waterpolo Ability dal 2014, Ettore Diamanti Con grande orgoglio posso dire di essere all\u2019interno del progetto sin dal suo esordio Tommaso Ielmini Ho 22 anni, sono in Waterpolo Ability dal 2014,all\u2019epoca ero affetto da Simona Pantalone Sono Presidente<\/p>\n","protected":false},"author":1,"featured_media":0,"parent":0,"menu_order":0,"comment_status":"closed","ping_status":"closed","template":"","meta":{"_coblocks_attr":"","_coblocks_dimensions":"","_coblocks_responsive_height":"","_coblocks_accordion_ie_support":"","kt_blocks_editor_width":"","kk_blocks_editor_width":"","_kiokenblocks_attr":"","_kiokenblocks_dimensions":""},"featured_image_src":null,"featured_image_src_square":null,"kb_featured_image_src_large":false,"kb_author_info":{"display_name":"Pietro","author_link":"https:\/\/www.waterpoloability.it\/wpa2021\/?author=1","author_image":"https:\/\/secure.gravatar.com\/avatar\/b0930ac603d8b1ce76f9ab1b018091ea?s=96&d=mm&r=g"},"kb_comment_info":0,"uagb_featured_image_src":{"full":false,"thumbnail":false,"medium":false,"medium_large":false,"large":false,"1536x1536":false,"2048x2048":false,"ab-block-post-grid-landscape":false,"ab-block-post-grid-square":false,"post-thumbnail":false,"treville-slider-image":false,"treville-thumbnail-small":false,"treville-thumbnail-medium":false,"treville-thumbnail-large":false},"uagb_author_info":{"display_name":"Pietro","author_link":"https:\/\/www.waterpoloability.it\/wpa2021\/?author=1"},"uagb_comment_info":0,"uagb_excerpt":"Greta Ielmini Ho visto nascere e ne sono stata l\u2019artefice del progetto Waterpolo Ability dal 2014, Ettore Diamanti Con grande orgoglio posso dire di essere all\u2019interno del progetto sin dal suo esordio Tommaso Ielmini Ho 22 anni, sono in Waterpolo Ability dal 2014,all\u2019epoca ero affetto da Simona Pantalone Sono Presidente","_links":{"self":[{"href":"https:\/\/www.waterpoloability.it\/wpa2021\/index.php?rest_route=\/wp\/v2\/pages\/29"}],"collection":[{"href":"https:\/\/www.waterpoloability.it\/wpa2021\/index.php?rest_route=\/wp\/v2\/pages"}],"about":[{"href":"https:\/\/www.waterpoloability.it\/wpa2021\/index.php?rest_route=\/wp\/v2\/types\/page"}],"author":[{"embeddable":true,"href":"https:\/\/www.waterpoloability.it\/wpa2021\/index.php?rest_route=\/wp\/v2\/users\/1"}],"replies":[{"embeddable":true,"href":"https:\/\/www.waterpoloability.it\/wpa2021\/index.php?rest_route=%2Fwp%2Fv2%2Fcomments&post=29"}],"version-history":[{"count":25,"href":"https:\/\/www.waterpoloability.it\/wpa2021\/index.php?rest_route=\/wp\/v2\/pages\/29\/revisions"}],"predecessor-version":[{"id":745,"href":"https:\/\/www.waterpoloability.it\/wpa2021\/index.php?rest_route=\/wp\/v2\/pages\/29\/revisions\/745"}],"wp:attachment":[{"href":"https:\/\/www.waterpoloability.it\/wpa2021\/index.php?rest_route=%2Fwp%2Fv2%2Fmedia&parent=29"}],"curies":[{"name":"wp","href":"https:\/\/api.w.org\/{rel}","templated":true}]}}