{"id":12,"date":"2021-04-25T11:35:37","date_gmt":"2021-04-25T09:35:37","guid":{"rendered":"http:\/\/www.waterpoloability.it\/wpa2021\/?page_id=12"},"modified":"2023-04-10T17:40:17","modified_gmt":"2023-04-10T15:40:17","slug":"12-2","status":"publish","type":"page","link":"https:\/\/www.waterpoloability.it\/wpa2021\/","title":{"rendered":""},"content":{"rendered":"\n<div style=\"height:100px\" aria-hidden=\"true\" class=\"wp-block-spacer\"><\/div>\n\n\n\n<div class=\"wp-block-columns\">\n<div class=\"wp-block-column\">\n<figure class=\"wp-block-image size-large is-resized has-animator\" data-anim-from=\"horizontal\" data-anim-duration=\"2\" data-anim-rewind=\"true\" data-anim-distance=\"-100\" data-anim-scale-x=\"1\" data-anim-scale-y=\"1\" data-anim-easing=\"easeInOut\" data-anim-effect=\"Cubic\"><img loading=\"lazy\" src=\"http:\/\/www.waterpoloability.it\/wpa2021\/wp-content\/uploads\/2022\/08\/openday-1024x768.jpg\" alt=\"\" class=\"wp-image-686\" width=\"220\" height=\"180\"\/><\/figure>\n\n\n\n<p class=\"has-text-align-center\"><strong>Ripresa allenamenti<\/strong><br><br>Gli allenamenti della Waterpolo Ability riprenderanno sabato 27 agosto 2022 dalle 12 alle 14,<br><span><a onclick=\"read_toggle(153229998, 'Leggi tutto', 'Leggi meno'); return false;\" class=\"read-link\" id=\"readlink153229998\" style=\"readlink\" href=\"#\">Leggi tutto<\/a><\/span>\n<div class=\"read_div\" id=\"read153229998\" style=\"display: none;\"> dal prossimo anno agonistico i Waterpolo Ability Boys &amp; Girls si alleneranno anche un giorno in settimana che sar\u00e0 concordato con gli atleti e lo staff.<\/div><\/p>\n<\/div>\n\n\n\n<div class=\"wp-block-column\">\n<figure class=\"wp-block-image size-large is-resized has-animator\" data-anim-from=\"vertical\" data-anim-duration=\"2\" data-anim-rewind=\"true\" data-anim-distance=\"50\" data-anim-scale-x=\"1\" data-anim-scale-y=\"1\" data-anim-easing=\"easeInOut\" data-anim-effect=\"Cubic\"><img loading=\"lazy\" src=\"http:\/\/www.waterpoloability.it\/wpa2021\/wp-content\/uploads\/2022\/08\/b66f4dec-d973-4e27-ad58-33100f5d8837-1024x768.jpg\" alt=\"\" class=\"wp-image-680\" width=\"220\" height=\"180\"\/><\/figure>\n\n\n\n<p class=\"has-text-align-center has-animator\" data-anim-from=\"vertical\" data-anim-duration=\"1.5\" data-anim-rewind=\"true\" data-anim-distance=\"150\" data-anim-scale-x=\"1\" data-anim-scale-y=\"1\" data-anim-easing=\"easeInOut\" data-anim-effect=\"Cubic\"><strong>Squadra<\/strong><br><br>Apertura nuova sede operativa a Roma coordinata dal nostro Vice Presidente Riccardo Rosati,<br><span><a onclick=\"read_toggle(507499950, 'Leggi tutto', 'Leggi meno'); return false;\" class=\"read-link\" id=\"readlink507499950\" style=\"readlink\" href=\"#\">Leggi tutto<\/a><\/span>\n<div class=\"read_div\" id=\"read507499950\" style=\"display: none;\">per la sede e gli orari degli allenamenti scrivere a <a href=\"mailto:riccardo.rosati@waterpoloability.it\">riccardo.rosati@waterpoloability.it<\/a><br>La nuova sede sar\u00e0 gestita da uno staff locale che organizzer\u00e0 le attivit\u00e0 sul territorio.<\/div><\/p>\n\n\n\n<p class=\"has-text-align-center has-animator\" data-anim-from=\"vertical\" data-anim-duration=\"1.5\" data-anim-rewind=\"true\" data-anim-distance=\"150\" data-anim-scale-x=\"1\" data-anim-scale-y=\"1\" data-anim-easing=\"easeInOut\" data-anim-effect=\"Cubic\"><br><br><\/p>\n<\/div>\n\n\n\n<div class=\"wp-block-column\">\n<figure class=\"wp-block-image size-large is-resized has-animator\" data-anim-from=\"horizontal\" data-anim-duration=\"2\" data-anim-rewind=\"true\" data-anim-distance=\"100\" data-anim-scale-x=\"1\" data-anim-scale-y=\"1\" data-anim-easing=\"easeInOut\" data-anim-effect=\"Cubic\"><img loading=\"lazy\" src=\"http:\/\/www.waterpoloability.it\/wpa2021\/wp-content\/uploads\/2022\/08\/hsa-1024x768.jpg\" alt=\"\" class=\"wp-image-685\" width=\"220\" height=\"180\"\/><\/figure>\n\n\n\n<p class=\"has-text-align-center has-animator\" data-anim-from=\"vertical\" data-anim-duration=\"1.5\" data-anim-rewind=\"true\" data-anim-distance=\"200\" data-anim-scale-x=\"1\" data-anim-scale-y=\"1\" data-anim-easing=\"easeInOut\" data-anim-effect=\"Cubic\"><strong><strong>Subacquea<\/strong><\/strong><br><br>A breve organizzeremo un open day per inaugurare la nuova disciplina che sar\u00e0 gestita<br><span><a onclick=\"read_toggle(567120942, 'Leggi tutto', 'Leggi meno'); return false;\" class=\"read-link\" id=\"readlink567120942\" style=\"readlink\" href=\"#\">Leggi tutto<\/a><\/span>\n<div class=\"read_div\" id=\"read567120942\" style=\"display: none;\">da Pietro Ielmini, i corsi saranno organizzati c\/o la Piscina Manara di Busto Arsizio Varese,per info:<a href=\"mailto:segreteria@waterpoloability.it\">segreteria@waterpoloability.it<\/a><br>Il 1\u00b0 open day sar\u00e0 organiizato tra settembre ed ottobre con la collaborazione del team della HSA (Handiccaped Scuba Assocation Italia)<\/div><\/p>\n\n\n\n<p class=\"has-text-align-center has-animator\" data-anim-from=\"vertical\" data-anim-duration=\"1.5\" data-anim-rewind=\"true\" data-anim-distance=\"200\" data-anim-scale-x=\"1\" data-anim-scale-y=\"1\" data-anim-easing=\"easeInOut\" data-anim-effect=\"Cubic\"><strong><br><\/strong><br><\/p>\n<\/div>\n<\/div>\n\n\n\n<p><strong>Sedi regionali Waterpolo Ability<\/strong><\/p>\n\n\n<div class=\"map_wrapper\" id=\"map_wrapper_768\">\n<div class=\"map_box\" style=\"max-width:2000px\">\n<div class=\"map_aspect_ratio\" style=\"padding-top:40%\" data-padding-top=\"40%\" data-padding-top-mobile=\"0%\">\n<div class=\"map_container\">\n<div class=\"map_render map_loading\" id=\"map_768\"><\/div>\n<\/div>\n<\/div>\n<\/div>\n<\/div>\n\n\n\n<div style=\"height:30px\" aria-hidden=\"true\" class=\"wp-block-spacer\"><\/div>\n\n\n\n<section class=\"wp-block-uagb-section uagb-section__wrap uagb-section__background-undefined uagb-block-4437e9fe\"><div class=\"uagb-section__overlay\"><\/div><div class=\"uagb-section__inner-wrap\">\n<p><strong>Ringraziamo i nostri Sponsor<\/strong><\/p>\n\n\n\n<figure class=\"wp-block-image size-large\"><img loading=\"lazy\" width=\"1024\" height=\"259\" src=\"http:\/\/www.waterpoloability.it\/wpa2021\/wp-content\/uploads\/2022\/08\/banner_sponsor_wpa_2-1-1024x259.png\" alt=\"\" class=\"wp-image-656\" srcset=\"https:\/\/www.waterpoloability.it\/wpa2021\/wp-content\/uploads\/2022\/08\/banner_sponsor_wpa_2-1-1024x259.png 1024w, https:\/\/www.waterpoloability.it\/wpa2021\/wp-content\/uploads\/2022\/08\/banner_sponsor_wpa_2-1-300x76.png 300w, https:\/\/www.waterpoloability.it\/wpa2021\/wp-content\/uploads\/2022\/08\/banner_sponsor_wpa_2-1-768x194.png 768w, https:\/\/www.waterpoloability.it\/wpa2021\/wp-content\/uploads\/2022\/08\/banner_sponsor_wpa_2-1-1536x389.png 1536w, https:\/\/www.waterpoloability.it\/wpa2021\/wp-content\/uploads\/2022\/08\/banner_sponsor_wpa_2-1.png 1920w\" sizes=\"(max-width: 1024px) 100vw, 1024px\" \/><\/figure>\n\n\n\n<figure class=\"wp-block-video kioken-border-radii\" style=\"border-radius:20px\"><video autoplay controls loop muted src=\"http:\/\/www.waterpoloability.it\/wpa2021\/wp-content\/uploads\/2022\/08\/video-sponsor.mp4\"><\/video><\/figure>\n<\/div><\/section>\n\n\n\n<p><\/p>\n","protected":false},"excerpt":{"rendered":"<p>Ripresa allenamenti Gli allenamenti della Waterpolo Ability riprenderanno sabato 27 agosto 2022 dalle 12 alle 14, Squadra Apertura nuova sede operativa a Roma coordinata dal nostro Vice Presidente Riccardo Rosati, Subacquea A breve organizzeremo un open day per inaugurare la nuova disciplina che sar\u00e0 gestita Sedi regionali Waterpolo Ability<\/p>\n","protected":false},"author":1,"featured_media":0,"parent":0,"menu_order":0,"comment_status":"closed","ping_status":"closed","template":"","meta":{"_coblocks_attr":"","_coblocks_dimensions":"","_coblocks_responsive_height":"","_coblocks_accordion_ie_support":"","kt_blocks_editor_width":"","kk_blocks_editor_width":"","_kiokenblocks_attr":"","_kiokenblocks_dimensions":""},"featured_image_src":null,"featured_image_src_square":null,"kb_featured_image_src_large":false,"kb_author_info":{"display_name":"Pietro","author_link":"https:\/\/www.waterpoloability.it\/wpa2021\/?author=1","author_image":"https:\/\/secure.gravatar.com\/avatar\/b0930ac603d8b1ce76f9ab1b018091ea?s=96&d=mm&r=g"},"kb_comment_info":0,"uagb_featured_image_src":{"full":false,"thumbnail":false,"medium":false,"medium_large":false,"large":false,"1536x1536":false,"2048x2048":false,"ab-block-post-grid-landscape":false,"ab-block-post-grid-square":false,"post-thumbnail":false,"treville-slider-image":false,"treville-thumbnail-small":false,"treville-thumbnail-medium":false,"treville-thumbnail-large":false},"uagb_author_info":{"display_name":"Pietro","author_link":"https:\/\/www.waterpoloability.it\/wpa2021\/?author=1"},"uagb_comment_info":0,"uagb_excerpt":"Ripresa allenamenti Gli allenamenti della Waterpolo Ability riprenderanno sabato 27 agosto 2022 dalle 12 alle 14, Squadra Apertura nuova sede operativa a Roma coordinata dal nostro Vice Presidente Riccardo Rosati, Subacquea A breve organizzeremo un open day per inaugurare la nuova disciplina che sar\u00e0 gestita Sedi regionali Waterpolo Ability","_links":{"self":[{"href":"https:\/\/www.waterpoloability.it\/wpa2021\/index.php?rest_route=\/wp\/v2\/pages\/12"}],"collection":[{"href":"https:\/\/www.waterpoloability.it\/wpa2021\/index.php?rest_route=\/wp\/v2\/pages"}],"about":[{"href":"https:\/\/www.waterpoloability.it\/wpa2021\/index.php?rest_route=\/wp\/v2\/types\/page"}],"author":[{"embeddable":true,"href":"https:\/\/www.waterpoloability.it\/wpa2021\/index.php?rest_route=\/wp\/v2\/users\/1"}],"replies":[{"embeddable":true,"href":"https:\/\/www.waterpoloability.it\/wpa2021\/index.php?rest_route=%2Fwp%2Fv2%2Fcomments&post=12"}],"version-history":[{"count":52,"href":"https:\/\/www.waterpoloability.it\/wpa2021\/index.php?rest_route=\/wp\/v2\/pages\/12\/revisions"}],"predecessor-version":[{"id":785,"href":"https:\/\/www.waterpoloability.it\/wpa2021\/index.php?rest_route=\/wp\/v2\/pages\/12\/revisions\/785"}],"wp:attachment":[{"href":"https:\/\/www.waterpoloability.it\/wpa2021\/index.php?rest_route=%2Fwp%2Fv2%2Fmedia&parent=12"}],"curies":[{"name":"wp","href":"https:\/\/api.w.org\/{rel}","templated":true}]}}